{"id":1863,"date":"2024-03-16T07:51:06","date_gmt":"2024-03-16T07:51:06","guid":{"rendered":"https:\/\/hajbeultetesdebrecen.hu\/?page_id=1863"},"modified":"2024-11-21T11:01:06","modified_gmt":"2024-11-21T11:01:06","slug":"karrier","status":"publish","type":"page","link":"https:\/\/hajbeultetesdebrecen.hu\/ro\/karrier\/","title":{"rendered":"Carier\u0103"},"content":{"rendered":"<div id='av_section_1'  class='avia-section av-eagh45-c719b2faf55820a390d035256f93b8ea main_color avia-section-default avia-no-border-styling  avia-builder-el-0  avia-builder-el-no-sibling  avia-bg-style-scroll container_wrap sidebar_right'  ><div class='container av-section-cont-open' ><main  role=\"main\" itemprop=\"mainContentOfPage\"  class='template-page content  av-content-small alpha units'><div class='post-entry post-entry-type-page post-entry-1863'><div class='entry-content-wrapper clearfix'>\n<div  class='flex_column av-d2b6lx-a64b407b0de5067901ceac213713144e av_one_third  avia-builder-el-1  el_before_av_two_third  avia-builder-el-first  first flex_column_div'     ><style type=\"text\/css\" data-created_by=\"avia_inline_auto\" id=\"style-css-av-ls26kpzo-9df8910c1c0e6e557846196c00f43eb5\">\n.avia-image-container.av-ls26kpzo-9df8910c1c0e6e557846196c00f43eb5 img.avia_image{\nbox-shadow:none;\n}\n.avia-image-container.av-ls26kpzo-9df8910c1c0e6e557846196c00f43eb5 .av-image-caption-overlay-center{\ncolor:#ffffff;\n}\n<\/style>\n<div  class='avia-image-container av-ls26kpzo-9df8910c1c0e6e557846196c00f43eb5 av-styling- avia-align-center  avia-builder-el-2  avia-builder-el-no-sibling'   itemprop=\"image\" itemscope=\"itemscope\" itemtype=\"https:\/\/schema.org\/ImageObject\" ><div class=\"avia-image-container-inner\"><div class=\"avia-image-overlay-wrap\"><img decoding=\"async\" class='wp-image-1866 avia-img-lazy-loading-not-1866 avia_image' src=\"https:\/\/hajbeultetesdebrecen.hu\/wp-content\/uploads\/hajbeultetes-debrecen-karrier.webp\" alt='hajbe\u00fcltet\u00e9s Debrecen karrier' title='hajbeultetes-debrecen-karrier'  height=\"660\" width=\"612\"  itemprop=\"thumbnailUrl\" srcset=\"https:\/\/hajbeultetesdebrecen.hu\/wp-content\/uploads\/hajbeultetes-debrecen-karrier.webp 612w, https:\/\/hajbeultetesdebrecen.hu\/wp-content\/uploads\/hajbeultetes-debrecen-karrier-278x300.webp 278w\" sizes=\"(max-width: 612px) 100vw, 612px\" \/><\/div><\/div><\/div><\/div><div  class='flex_column av-ar7a9x-e73b6e1c775031cc928d96bbbd88e5b7 av_two_third  avia-builder-el-3  el_after_av_one_third  avia-builder-el-last  flex_column_div'     ><section  class='av_textblock_section av-ls26zcmj-306f04821e99881903a484c253d781da'   itemscope=\"itemscope\" itemtype=\"https:\/\/schema.org\/CreativeWork\" ><div class='avia_textblock'  itemprop=\"text\" ><h2>CAUT\u0102M MEDIC TRANSPLANT DE P\u0102R<\/h2>\n<\/div><\/section><br \/>\n\n<style type=\"text\/css\" data-created_by=\"avia_inline_auto\" id=\"style-css-av-ls272f66-13bafa10d51a31b88207d48674f60ac7\">\n#top .hr.av-ls272f66-13bafa10d51a31b88207d48674f60ac7{\nmargin-top:-10px;\nmargin-bottom:10px;\n}\n.hr.av-ls272f66-13bafa10d51a31b88207d48674f60ac7 .hr-inner{\nwidth:50px;\nborder-color:#00b7bd;\n}\n<\/style>\n<div  class='hr av-ls272f66-13bafa10d51a31b88207d48674f60ac7 hr-custom  avia-builder-el-5  el_after_av_textblock  el_before_av_textblock  hr-left hr-icon-no'><span class='hr-inner inner-border-av-border-fat'><span class=\"hr-inner-style\"><\/span><\/span><\/div><br \/>\n<section  class='av_textblock_section av-ls26lvc9-f6f5772edb1210e646db2b24fe8c013a'   itemscope=\"itemscope\" itemtype=\"https:\/\/schema.org\/CreativeWork\" ><div class='avia_textblock'  itemprop=\"text\" ><p style=\"text-align: justify;\"><strong>TurboHair Medical<\/strong> Una dintre clinicile de transplant de p\u0103r cu cea mai dinamic\u0103 dezvoltare din Ungaria caut\u0103 un coleg medical pentru a-\u0219i extinde capacitatea. Efectu\u0103m doar transplant de p\u0103r de calitate la cel mai \u00eenalt nivel.<\/p>\n<\/div><\/section><br \/>\n\n<style type=\"text\/css\" data-created_by=\"avia_inline_auto\" id=\"style-css-av-ls298ejl-d9d3639588f902e2201613c926473957\">\n#top .hr.hr-invisible.av-ls298ejl-d9d3639588f902e2201613c926473957{\nheight:20px;\n}\n<\/style>\n<div  class='hr av-ls298ejl-d9d3639588f902e2201613c926473957 hr-invisible  avia-builder-el-7  el_after_av_textblock  el_before_av_textblock'><span class='hr-inner'><span class=\"hr-inner-style\"><\/span><\/span><\/div><br \/>\n<section  class='av_textblock_section av-lttsno51-af31410d2cd7d92b8498ee35180a9f8a'   itemscope=\"itemscope\" itemtype=\"https:\/\/schema.org\/CreativeWork\" ><div class='avia_textblock'  itemprop=\"text\" ><h3><strong>Sarcini<\/strong><\/h3>\n<\/div><\/section><br \/>\n\n<style type=\"text\/css\" data-created_by=\"avia_inline_auto\" id=\"style-css-av-lttslbro-759cb573d9c4e506228ae4e0facc347e\">\n#top .avia-icon-list-container.av-lttslbro-759cb573d9c4e506228ae4e0facc347e .iconlist_icon{\ncolor:#00b7bd;\n}\n<\/style>\n<div  class='avia-icon-list-container av-lttslbro-759cb573d9c4e506228ae4e0facc347e  avia-builder-el-9  el_after_av_textblock  el_before_av_textblock'><ul class='avia-icon-list avia_animate_when_almost_visible avia-icon-list-left av-iconlist-small av-lttslbro-759cb573d9c4e506228ae4e0facc347e avia-iconlist-animate'>\n<li><div class='iconlist_icon av-lttskwzt-083be56da48c7729be7005243b3a8fcd avia-font-entypo-fontello'><span class='iconlist-char' aria-hidden='true' data-av_icon='\ue812' data-av_iconfont='entypo-fontello'><\/span><\/div><article class=\"article-icon-entry av-iconlist-empty\"  itemscope=\"itemscope\" itemtype=\"https:\/\/schema.org\/CreativeWork\" ><div class=\"iconlist_content_wrap\"><header class=\"entry-content-header\"><div class='av_iconlist_title iconlist_title_small'  itemprop=\"headline\" >Transplant de p\u0103r, transplant de p\u0103r<\/div><\/header><div class='iconlist_content'  itemprop=\"text\" ><\/div><\/div><footer class=\"entry-footer\"><\/footer><\/article><div class=\"iconlist-timeline\"><\/div><\/li>\n<\/ul><\/div><br \/>\n<section  class='av_textblock_section av-lttsou5r-c4baefb1cab6bc87543c16d6c96d0adc'   itemscope=\"itemscope\" itemtype=\"https:\/\/schema.org\/CreativeWork\" ><div class='avia_textblock'  itemprop=\"text\" ><h3><strong>A\u0219tept\u0103ri<\/strong><\/h3>\n<\/div><\/section><br \/>\n\n<style type=\"text\/css\" data-created_by=\"avia_inline_auto\" id=\"style-css-av-lttsr14b-8c89bfb974bc1e8c887095c10d966d95\">\n#top .avia-icon-list-container.av-lttsr14b-8c89bfb974bc1e8c887095c10d966d95 .iconlist_icon{\ncolor:#00b7bd;\n}\n<\/style>\n<div  class='avia-icon-list-container av-lttsr14b-8c89bfb974bc1e8c887095c10d966d95  avia-builder-el-11  el_after_av_textblock  el_before_av_textblock'><ul class='avia-icon-list avia_animate_when_almost_visible avia-icon-list-left av-iconlist-small av-lttsr14b-8c89bfb974bc1e8c887095c10d966d95 avia-iconlist-animate'>\n<li><div class='iconlist_icon av-lttspssi-23766126e9945276ce7c1a016a978786 avia-font-entypo-fontello'><span class='iconlist-char' aria-hidden='true' data-av_icon='\ue812' data-av_iconfont='entypo-fontello'><\/span><\/div><article class=\"article-icon-entry av-iconlist-empty\"  itemscope=\"itemscope\" itemtype=\"https:\/\/schema.org\/CreativeWork\" ><div class=\"iconlist_content_wrap\"><header class=\"entry-content-header\"><div class='av_iconlist_title iconlist_title_small'  itemprop=\"headline\" >Experien\u021ba de lucru \u00een transplant de p\u0103r ar fi un avantaj, dar nu o cerin\u021b\u0103<\/div><\/header><div class='iconlist_content'  itemprop=\"text\" ><\/div><\/div><footer class=\"entry-footer\"><\/footer><\/article><div class=\"iconlist-timeline\"><\/div><\/li>\n<li><div class='iconlist_icon av-lttspssi-7-1f4fab91fba5723f3a27d501ac745e7e avia-font-entypo-fontello'><span class='iconlist-char' aria-hidden='true' data-av_icon='\ue812' data-av_iconfont='entypo-fontello'><\/span><\/div><article class=\"article-icon-entry av-iconlist-empty\"  itemscope=\"itemscope\" itemtype=\"https:\/\/schema.org\/CreativeWork\" ><div class=\"iconlist_content_wrap\"><header class=\"entry-content-header\"><div class='av_iconlist_title iconlist_title_small'  itemprop=\"headline\" >Este necesar\u0103 o diplom\u0103 medical\u0103.<\/div><\/header><div class='iconlist_content'  itemprop=\"text\" ><\/div><\/div><footer class=\"entry-footer\"><\/footer><\/article><div class=\"iconlist-timeline\"><\/div><\/li>\n<li><div class='iconlist_icon av-lttspssi-6-72a771d6062510151f949731afb3ebc9 avia-font-entypo-fontello'><span class='iconlist-char' aria-hidden='true' data-av_icon='\ue812' data-av_iconfont='entypo-fontello'><\/span><\/div><article class=\"article-icon-entry av-iconlist-empty\"  itemscope=\"itemscope\" itemtype=\"https:\/\/schema.org\/CreativeWork\" ><div class=\"iconlist_content_wrap\"><header class=\"entry-content-header\"><div class='av_iconlist_title iconlist_title_small'  itemprop=\"headline\" >Etic\u0103 bun\u0103 \u00een munc\u0103 de 4 ori pe s\u0103pt\u0103m\u00e2n\u0103 (8-12 ore)<\/div><\/header><div class='iconlist_content'  itemprop=\"text\" ><\/div><\/div><footer class=\"entry-footer\"><\/footer><\/article><div class=\"iconlist-timeline\"><\/div><\/li>\n<li><div class='iconlist_icon av-lttspssi-5-479b49f7d575b15eb4c34a6ccfa7ced8 avia-font-entypo-fontello'><span class='iconlist-char' aria-hidden='true' data-av_icon='\ue812' data-av_iconfont='entypo-fontello'><\/span><\/div><article class=\"article-icon-entry av-iconlist-empty\"  itemscope=\"itemscope\" itemtype=\"https:\/\/schema.org\/CreativeWork\" ><div class=\"iconlist_content_wrap\"><header class=\"entry-content-header\"><div class='av_iconlist_title iconlist_title_small'  itemprop=\"headline\" >Sunt necesare acurate\u021be, precizie \u0219i coordonare perfect\u0103 ochi-m\u00e2n\u0103<\/div><\/header><div class='iconlist_content'  itemprop=\"text\" ><\/div><\/div><footer class=\"entry-footer\"><\/footer><\/article><div class=\"iconlist-timeline\"><\/div><\/li>\n<li><div class='iconlist_icon av-lttspssi-4-b38221207eeeac73a5ba9599b044be64 avia-font-entypo-fontello'><span class='iconlist-char' aria-hidden='true' data-av_icon='\ue812' data-av_iconfont='entypo-fontello'><\/span><\/div><article class=\"article-icon-entry av-iconlist-empty\"  itemscope=\"itemscope\" itemtype=\"https:\/\/schema.org\/CreativeWork\" ><div class=\"iconlist_content_wrap\"><header class=\"entry-content-header\"><div class='av_iconlist_title iconlist_title_small'  itemprop=\"headline\" >Manualitate, sim\u021b estetic<\/div><\/header><div class='iconlist_content'  itemprop=\"text\" ><\/div><\/div><footer class=\"entry-footer\"><\/footer><\/article><div class=\"iconlist-timeline\"><\/div><\/li>\n<\/ul><\/div><br \/>\n<section  class='av_textblock_section av-lttsrusk-46fb816aafb313002123d09a0550c719'   itemscope=\"itemscope\" itemtype=\"https:\/\/schema.org\/CreativeWork\" ><div class='avia_textblock'  itemprop=\"text\" ><h3><strong>Este un avantaj<\/strong><\/h3>\n<\/div><\/section><br \/>\n\n<style type=\"text\/css\" data-created_by=\"avia_inline_auto\" id=\"style-css-av-lttssnzv-f5237ce4f35ad785371bcad319c0789e\">\n#top .avia-icon-list-container.av-lttssnzv-f5237ce4f35ad785371bcad319c0789e .iconlist_icon{\ncolor:#00b7bd;\n}\n<\/style>\n<div  class='avia-icon-list-container av-lttssnzv-f5237ce4f35ad785371bcad319c0789e  avia-builder-el-13  el_after_av_textblock  el_before_av_textblock'><ul class='avia-icon-list avia_animate_when_almost_visible avia-icon-list-left av-iconlist-small av-lttssnzv-f5237ce4f35ad785371bcad319c0789e avia-iconlist-animate'>\n<li><div class='iconlist_icon av-1y1orb-a56db1022a0e898cd7ac6da20cdb714f avia-font-entypo-fontello'><span class='iconlist-char' aria-hidden='true' data-av_icon='\ue812' data-av_iconfont='entypo-fontello'><\/span><\/div><article class=\"article-icon-entry av-iconlist-empty\"  itemscope=\"itemscope\" itemtype=\"https:\/\/schema.org\/CreativeWork\" ><div class=\"iconlist_content_wrap\"><header class=\"entry-content-header\"><div class='av_iconlist_title iconlist_title_small'  itemprop=\"headline\" >Experien\u021ba de lucru \u00een transplant de p\u0103r ar fi un avantaj, dar nu o cerin\u021b\u0103<\/div><\/header><div class='iconlist_content'  itemprop=\"text\" ><\/div><\/div><footer class=\"entry-footer\"><\/footer><\/article><div class=\"iconlist-timeline\"><\/div><\/li>\n<li><div class='iconlist_icon av-lttssjno-a9147d72c54aad870521bef4c7ed63e9 avia-font-entypo-fontello'><span class='iconlist-char' aria-hidden='true' data-av_icon='\ue812' data-av_iconfont='entypo-fontello'><\/span><\/div><article class=\"article-icon-entry av-iconlist-empty\"  itemscope=\"itemscope\" itemtype=\"https:\/\/schema.org\/CreativeWork\" ><div class=\"iconlist_content_wrap\"><header class=\"entry-content-header\"><div class='av_iconlist_title iconlist_title_small'  itemprop=\"headline\" >Dac\u0103 nu ave\u021bi experien\u021b\u0103 \u00een transplantul de p\u0103r, clinica noastr\u0103 v\u0103 va oferi instruire.<\/div><\/header><div class='iconlist_content'  itemprop=\"text\" ><\/div><\/div><footer class=\"entry-footer\"><\/footer><\/article><div class=\"iconlist-timeline\"><\/div><\/li>\n<\/ul><\/div><br \/>\n<section  class='av_textblock_section av-lttst1fq-198b6834033b7cdbf46e58c5cac56032'   itemscope=\"itemscope\" itemtype=\"https:\/\/schema.org\/CreativeWork\" ><div class='avia_textblock'  itemprop=\"text\" ><h3><strong>Ceea ce oferim<\/strong><\/h3>\n<\/div><\/section><br \/>\n\n<style type=\"text\/css\" data-created_by=\"avia_inline_auto\" id=\"style-css-av-lttsv1jv-1af6c2f9c3f79da174d7859f78610b52\">\n#top .avia-icon-list-container.av-lttsv1jv-1af6c2f9c3f79da174d7859f78610b52 .iconlist_icon{\ncolor:#00b7bd;\n}\n<\/style>\n<div  class='avia-icon-list-container av-lttsv1jv-1af6c2f9c3f79da174d7859f78610b52  avia-builder-el-15  el_after_av_textblock  avia-builder-el-last'><ul class='avia-icon-list avia_animate_when_almost_visible avia-icon-list-left av-iconlist-small av-lttsv1jv-1af6c2f9c3f79da174d7859f78610b52 avia-iconlist-animate'>\n<li><div class='iconlist_icon av-lttstfy2-d3d86d6170603ce026ca080ee1922b62 avia-font-entypo-fontello'><span class='iconlist-char' aria-hidden='true' data-av_icon='\ue812' data-av_iconfont='entypo-fontello'><\/span><\/div><article class=\"article-icon-entry av-iconlist-empty\"  itemscope=\"itemscope\" itemtype=\"https:\/\/schema.org\/CreativeWork\" ><div class=\"iconlist_content_wrap\"><header class=\"entry-content-header\"><div class='av_iconlist_title iconlist_title_small'  itemprop=\"headline\" >Una dintre cele mai bune clinici de transplant de p\u0103r din Budapesta<\/div><\/header><div class='iconlist_content'  itemprop=\"text\" ><\/div><\/div><footer class=\"entry-footer\"><\/footer><\/article><div class=\"iconlist-timeline\"><\/div><\/li>\n<li><div class='iconlist_icon av-lttsto9t-3bb2445b6fd63cb0eb96704afa4a97a8 avia-font-entypo-fontello'><span class='iconlist-char' aria-hidden='true' data-av_icon='\ue812' data-av_iconfont='entypo-fontello'><\/span><\/div><article class=\"article-icon-entry av-iconlist-empty\"  itemscope=\"itemscope\" itemtype=\"https:\/\/schema.org\/CreativeWork\" ><div class=\"iconlist_content_wrap\"><header class=\"entry-content-header\"><div class='av_iconlist_title iconlist_title_small'  itemprop=\"headline\" >Atmosfera tinereasca<\/div><\/header><div class='iconlist_content'  itemprop=\"text\" ><\/div><\/div><footer class=\"entry-footer\"><\/footer><\/article><div class=\"iconlist-timeline\"><\/div><\/li>\n<li><div class='iconlist_icon av-lttsu1v3-c9f71fa7e999315074cbf5779ba5338e avia-font-entypo-fontello'><span class='iconlist-char' aria-hidden='true' data-av_icon='\ue812' data-av_iconfont='entypo-fontello'><\/span><\/div><article class=\"article-icon-entry av-iconlist-empty\"  itemscope=\"itemscope\" itemtype=\"https:\/\/schema.org\/CreativeWork\" ><div class=\"iconlist_content_wrap\"><header class=\"entry-content-header\"><div class='av_iconlist_title iconlist_title_small'  itemprop=\"headline\" >Cele mai recente \u0219i moderne metode de transplant de p\u0103r<\/div><\/header><div class='iconlist_content'  itemprop=\"text\" ><\/div><\/div><footer class=\"entry-footer\"><\/footer><\/article><div class=\"iconlist-timeline\"><\/div><\/li>\n<li><div class='iconlist_icon av-lttsu9p7-f492cf34c3c34dd641f707d21d23453d avia-font-entypo-fontello'><span class='iconlist-char' aria-hidden='true' data-av_icon='\ue812' data-av_iconfont='entypo-fontello'><\/span><\/div><article class=\"article-icon-entry av-iconlist-empty\"  itemscope=\"itemscope\" itemtype=\"https:\/\/schema.org\/CreativeWork\" ><div class=\"iconlist_content_wrap\"><header class=\"entry-content-header\"><div class='av_iconlist_title iconlist_title_small'  itemprop=\"headline\" >Cu norm\u0103 \u00eentreag\u0103<\/div><\/header><div class='iconlist_content'  itemprop=\"text\" ><\/div><\/div><footer class=\"entry-footer\"><\/footer><\/article><div class=\"iconlist-timeline\"><\/div><\/li>\n<li><div class='iconlist_icon av-lttsuin7-2ed9bd5786cfe7f16180bb81c0d4d5b3 avia-font-entypo-fontello'><span class='iconlist-char' aria-hidden='true' data-av_icon='\ue812' data-av_iconfont='entypo-fontello'><\/span><\/div><article class=\"article-icon-entry av-iconlist-empty\"  itemscope=\"itemscope\" itemtype=\"https:\/\/schema.org\/CreativeWork\" ><div class=\"iconlist_content_wrap\"><header class=\"entry-content-header\"><div class='av_iconlist_title iconlist_title_small'  itemprop=\"headline\" >Salariu restante<\/div><\/header><div class='iconlist_content'  itemprop=\"text\" ><\/div><\/div><footer class=\"entry-footer\"><\/footer><\/article><div class=\"iconlist-timeline\"><\/div><\/li>\n<li><div class='iconlist_icon av-lttsuin7-3-ca1448be43dc9ebf7323b6d765b9bd97 avia-font-entypo-fontello'><span class='iconlist-char' aria-hidden='true' data-av_icon='\ue812' data-av_iconfont='entypo-fontello'><\/span><\/div><article class=\"article-icon-entry av-iconlist-empty\"  itemscope=\"itemscope\" itemtype=\"https:\/\/schema.org\/CreativeWork\" ><div class=\"iconlist_content_wrap\"><header class=\"entry-content-header\"><div class='av_iconlist_title iconlist_title_small'  itemprop=\"headline\" >Oportunit\u0103\u021bi de formare continu\u0103, inovare continu\u0103<\/div><\/header><div class='iconlist_content'  itemprop=\"text\" ><\/div><\/div><footer class=\"entry-footer\"><\/footer><\/article><div class=\"iconlist-timeline\"><\/div><\/li>\n<li><div class='iconlist_icon av-lttsuin7-2-cc3a979d669fd32b1167883b4acc2a2c avia-font-entypo-fontello'><span class='iconlist-char' aria-hidden='true' data-av_icon='\ue812' data-av_iconfont='entypo-fontello'><\/span><\/div><article class=\"article-icon-entry av-iconlist-empty\"  itemscope=\"itemscope\" itemtype=\"https:\/\/schema.org\/CreativeWork\" ><div class=\"iconlist_content_wrap\"><header class=\"entry-content-header\"><div class='av_iconlist_title iconlist_title_small'  itemprop=\"headline\" >Dac\u0103 nu ave\u021bi experien\u021b\u0103 \u00een transplantul de p\u0103r, clinica noastr\u0103 v\u0103 va oferi instruire.<\/div><\/header><div class='iconlist_content'  itemprop=\"text\" ><\/div><\/div><footer class=\"entry-footer\"><\/footer><\/article><div class=\"iconlist-timeline\"><\/div><\/li>\n<\/ul><\/div><\/p><\/div><\/div><\/div><\/main><!-- close content main element --><\/div><\/div><div id='after_section_1'  class='main_color av_default_container_wrap container_wrap sidebar_right'  ><div class='container av-section-cont-open' ><div class='template-page content  av-content-small alpha units'><div class='post-entry post-entry-type-page post-entry-1863'><div class='entry-content-wrapper clearfix'>","protected":false},"excerpt":{"rendered":"","protected":false},"author":1,"featured_media":0,"parent":0,"menu_order":0,"comment_status":"closed","ping_status":"closed","template":"","meta":{"_monsterinsights_skip_tracking":false,"_monsterinsights_sitenote_active":false,"_monsterinsights_sitenote_note":"","_monsterinsights_sitenote_category":0,"footnotes":""},"class_list":["post-1863","page","type-page","status-publish","hentry"],"yoast_head":"<!-- This site is optimized with the Yoast SEO plugin v27.0 - https:\/\/yoast.com\/product\/yoast-seo-wordpress\/ -->\n<title>Hajbe\u00fcltet\u00e9s Debrecen, maxim\u00e1lis szak\u00e9rtelem, pr\u00e9mium min\u0151s\u00e9g<\/title>\n<meta name=\"description\" content=\"Hajbe\u00fcltet\u00e9s Debrecen: Fedezze fel Debrecen vezet\u0151 hajbe\u00fcltet\u00e9si szolg\u00e1ltat\u00e1s\u00e1t. Szak\u00e9rt\u0151ink szem\u00e9lyre szabott kezel\u00e9sekkel v\u00e1rj\u00e1k.\" \/>\n<meta name=\"robots\" content=\"index, follow, max-snippet:-1, max-image-preview:large, max-video-preview:-1\" \/>\n<link rel=\"canonical\" href=\"https:\/\/hajbeultetesdebrecen.hu\/ro\/karrier\/\" \/>\n<meta property=\"og:locale\" content=\"ro_RO\" \/>\n<meta property=\"og:type\" content=\"article\" \/>\n<meta property=\"og:title\" content=\"Hajbe\u00fcltet\u00e9s Debrecen, maxim\u00e1lis szak\u00e9rtelem, pr\u00e9mium min\u0151s\u00e9g\" \/>\n<meta property=\"og:description\" content=\"Hajbe\u00fcltet\u00e9s Debrecen: Fedezze fel Debrecen vezet\u0151 hajbe\u00fcltet\u00e9si szolg\u00e1ltat\u00e1s\u00e1t. Szak\u00e9rt\u0151ink szem\u00e9lyre szabott kezel\u00e9sekkel v\u00e1rj\u00e1k.\" \/>\n<meta property=\"og:url\" content=\"https:\/\/hajbeultetesdebrecen.hu\/ro\/karrier\/\" \/>\n<meta property=\"og:site_name\" content=\"Hajbe\u00fcltet\u00e9s Debrecen\" \/>\n<meta property=\"article:modified_time\" content=\"2024-11-21T11:01:06+00:00\" \/>\n<meta name=\"twitter:card\" content=\"summary_large_image\" \/>\n<meta name=\"twitter:label1\" content=\"Timp estimat pentru citire\" \/>\n\t<meta name=\"twitter:data1\" content=\"1 minut\" \/>\n<script type=\"application\/ld+json\" class=\"yoast-schema-graph\">{\"@context\":\"https:\/\/schema.org\",\"@graph\":[{\"@type\":\"WebPage\",\"@id\":\"https:\/\/hajbeultetesdebrecen.hu\/karrier\/\",\"url\":\"https:\/\/hajbeultetesdebrecen.hu\/karrier\/\",\"name\":\"Hajbe\u00fcltet\u00e9s Debrecen, maxim\u00e1lis szak\u00e9rtelem, pr\u00e9mium min\u0151s\u00e9g\",\"isPartOf\":{\"@id\":\"https:\/\/hajbeultetesdebrecen.hu\/#website\"},\"datePublished\":\"2024-03-16T07:51:06+00:00\",\"dateModified\":\"2024-11-21T11:01:06+00:00\",\"description\":\"Hajbe\u00fcltet\u00e9s Debrecen: Fedezze fel Debrecen vezet\u0151 hajbe\u00fcltet\u00e9si szolg\u00e1ltat\u00e1s\u00e1t. Szak\u00e9rt\u0151ink szem\u00e9lyre szabott kezel\u00e9sekkel v\u00e1rj\u00e1k.\",\"breadcrumb\":{\"@id\":\"https:\/\/hajbeultetesdebrecen.hu\/karrier\/#breadcrumb\"},\"inLanguage\":\"ro-RO\",\"potentialAction\":[{\"@type\":\"ReadAction\",\"target\":[\"https:\/\/hajbeultetesdebrecen.hu\/karrier\/\"]}]},{\"@type\":\"BreadcrumbList\",\"@id\":\"https:\/\/hajbeultetesdebrecen.hu\/karrier\/#breadcrumb\",\"itemListElement\":[{\"@type\":\"ListItem\",\"position\":1,\"name\":\"Kezd\u0151lap\",\"item\":\"https:\/\/hajbeultetesdebrecen.hu\/\"},{\"@type\":\"ListItem\",\"position\":2,\"name\":\"Karrier\"}]},{\"@type\":\"WebSite\",\"@id\":\"https:\/\/hajbeultetesdebrecen.hu\/#website\",\"url\":\"https:\/\/hajbeultetesdebrecen.hu\/\",\"name\":\"Hajbe\u00fcltet\u00e9s Debrecen\",\"description\":\"Professzion\u00e1lis hajbe\u00fcltet\u00e9s Debrecen \u00e9s k\u00f6rny\u00e9ke\",\"potentialAction\":[{\"@type\":\"SearchAction\",\"target\":{\"@type\":\"EntryPoint\",\"urlTemplate\":\"https:\/\/hajbeultetesdebrecen.hu\/?s={search_term_string}\"},\"query-input\":{\"@type\":\"PropertyValueSpecification\",\"valueRequired\":true,\"valueName\":\"search_term_string\"}}],\"inLanguage\":\"ro-RO\"}]}<\/script>\n<!-- \/ Yoast SEO plugin. -->","yoast_head_json":{"title":"Hajbe\u00fcltet\u00e9s Debrecen, maxim\u00e1lis szak\u00e9rtelem, pr\u00e9mium min\u0151s\u00e9g","description":"Hajbe\u00fcltet\u00e9s Debrecen: Fedezze fel Debrecen vezet\u0151 hajbe\u00fcltet\u00e9si szolg\u00e1ltat\u00e1s\u00e1t. Szak\u00e9rt\u0151ink szem\u00e9lyre szabott kezel\u00e9sekkel v\u00e1rj\u00e1k.","robots":{"index":"index","follow":"follow","max-snippet":"max-snippet:-1","max-image-preview":"max-image-preview:large","max-video-preview":"max-video-preview:-1"},"canonical":"https:\/\/hajbeultetesdebrecen.hu\/ro\/karrier\/","og_locale":"ro_RO","og_type":"article","og_title":"Hajbe\u00fcltet\u00e9s Debrecen, maxim\u00e1lis szak\u00e9rtelem, pr\u00e9mium min\u0151s\u00e9g","og_description":"Hajbe\u00fcltet\u00e9s Debrecen: Fedezze fel Debrecen vezet\u0151 hajbe\u00fcltet\u00e9si szolg\u00e1ltat\u00e1s\u00e1t. Szak\u00e9rt\u0151ink szem\u00e9lyre szabott kezel\u00e9sekkel v\u00e1rj\u00e1k.","og_url":"https:\/\/hajbeultetesdebrecen.hu\/ro\/karrier\/","og_site_name":"Hajbe\u00fcltet\u00e9s Debrecen","article_modified_time":"2024-11-21T11:01:06+00:00","twitter_card":"summary_large_image","twitter_misc":{"Timp estimat pentru citire":"1 minut"},"schema":{"@context":"https:\/\/schema.org","@graph":[{"@type":"WebPage","@id":"https:\/\/hajbeultetesdebrecen.hu\/karrier\/","url":"https:\/\/hajbeultetesdebrecen.hu\/karrier\/","name":"Hajbe\u00fcltet\u00e9s Debrecen, maxim\u00e1lis szak\u00e9rtelem, pr\u00e9mium min\u0151s\u00e9g","isPartOf":{"@id":"https:\/\/hajbeultetesdebrecen.hu\/#website"},"datePublished":"2024-03-16T07:51:06+00:00","dateModified":"2024-11-21T11:01:06+00:00","description":"Hajbe\u00fcltet\u00e9s Debrecen: Fedezze fel Debrecen vezet\u0151 hajbe\u00fcltet\u00e9si szolg\u00e1ltat\u00e1s\u00e1t. Szak\u00e9rt\u0151ink szem\u00e9lyre szabott kezel\u00e9sekkel v\u00e1rj\u00e1k.","breadcrumb":{"@id":"https:\/\/hajbeultetesdebrecen.hu\/karrier\/#breadcrumb"},"inLanguage":"ro-RO","potentialAction":[{"@type":"ReadAction","target":["https:\/\/hajbeultetesdebrecen.hu\/karrier\/"]}]},{"@type":"BreadcrumbList","@id":"https:\/\/hajbeultetesdebrecen.hu\/karrier\/#breadcrumb","itemListElement":[{"@type":"ListItem","position":1,"name":"Kezd\u0151lap","item":"https:\/\/hajbeultetesdebrecen.hu\/"},{"@type":"ListItem","position":2,"name":"Karrier"}]},{"@type":"WebSite","@id":"https:\/\/hajbeultetesdebrecen.hu\/#website","url":"https:\/\/hajbeultetesdebrecen.hu\/","name":"Transplant de p\u0103r \u00een Debre\u021bin","description":"Professzion\u00e1lis hajbe\u00fcltet\u00e9s Debrecen \u00e9s k\u00f6rny\u00e9ke","potentialAction":[{"@type":"SearchAction","target":{"@type":"EntryPoint","urlTemplate":"https:\/\/hajbeultetesdebrecen.hu\/?s={search_term_string}"},"query-input":{"@type":"PropertyValueSpecification","valueRequired":true,"valueName":"search_term_string"}}],"inLanguage":"ro-RO"}]}},"_links":{"self":[{"href":"https:\/\/hajbeultetesdebrecen.hu\/ro\/wp-json\/wp\/v2\/pages\/1863","targetHints":{"allow":["GET"]}}],"collection":[{"href":"https:\/\/hajbeultetesdebrecen.hu\/ro\/wp-json\/wp\/v2\/pages"}],"about":[{"href":"https:\/\/hajbeultetesdebrecen.hu\/ro\/wp-json\/wp\/v2\/types\/page"}],"author":[{"embeddable":true,"href":"https:\/\/hajbeultetesdebrecen.hu\/ro\/wp-json\/wp\/v2\/users\/1"}],"replies":[{"embeddable":true,"href":"https:\/\/hajbeultetesdebrecen.hu\/ro\/wp-json\/wp\/v2\/comments?post=1863"}],"version-history":[{"count":3,"href":"https:\/\/hajbeultetesdebrecen.hu\/ro\/wp-json\/wp\/v2\/pages\/1863\/revisions"}],"predecessor-version":[{"id":2254,"href":"https:\/\/hajbeultetesdebrecen.hu\/ro\/wp-json\/wp\/v2\/pages\/1863\/revisions\/2254"}],"wp:attachment":[{"href":"https:\/\/hajbeultetesdebrecen.hu\/ro\/wp-json\/wp\/v2\/media?parent=1863"}],"curies":[{"name":"wp","href":"https:\/\/api.w.org\/{rel}","templated":true}]}}