{"id":954,"date":"2016-07-15T14:19:56","date_gmt":"2016-07-15T14:19:56","guid":{"rendered":"http:\/\/test.kriesi.at\/enfold-medical\/?page_id=954"},"modified":"2024-04-01T17:43:24","modified_gmt":"2024-04-01T17:43:24","slug":"elerhetosegeink","status":"publish","type":"page","link":"https:\/\/hajbeultetesdebrecen.hu\/ro\/elerhetosegeink\/","title":{"rendered":"CONTACTELE NOASTRE"},"content":{"rendered":"<div id='av_section_1'  class='avia-section av-3l6hei-9e92f5c2cce57d4994724d096a8d9fcd main_color avia-section-huge avia-no-border-styling  avia-builder-el-0  el_before_av_section  avia-builder-el-first  avia-bg-style-scroll container_wrap sidebar_right'  ><div class='container av-section-cont-open' ><main  role=\"main\" itemprop=\"mainContentOfPage\"  class='template-page content  av-content-small alpha units'><div class='post-entry post-entry-type-page post-entry-954'><div class='entry-content-wrapper clearfix'>\n\n<style type=\"text\/css\" data-created_by=\"avia_inline_auto\" id=\"style-css-av-2aeuai-418cb2d7e40be8372521421192b68e16\">\n.flex_column.av-2aeuai-418cb2d7e40be8372521421192b68e16{\nborder-radius:0px 0px 0px 0px;\npadding:0px 0px 0px 0px;\n}\n<\/style>\n<div  class='flex_column av-2aeuai-418cb2d7e40be8372521421192b68e16 av_one_half  avia-builder-el-1  el_before_av_one_half  avia-builder-el-first  first flex_column_div av-zero-column-padding'     ><p>\n<style type=\"text\/css\" data-created_by=\"avia_inline_auto\" id=\"style-css-av-21rl1m-866a4c0a2509146633cb49f5cbf79b5b\">\n#top .av-special-heading.av-21rl1m-866a4c0a2509146633cb49f5cbf79b5b{\npadding-bottom:20px;\nfont-size:34px;\n}\nbody .av-special-heading.av-21rl1m-866a4c0a2509146633cb49f5cbf79b5b .av-special-heading-tag .heading-char{\nfont-size:25px;\n}\n#top #wrap_all .av-special-heading.av-21rl1m-866a4c0a2509146633cb49f5cbf79b5b .av-special-heading-tag{\nfont-size:34px;\n}\n.av-special-heading.av-21rl1m-866a4c0a2509146633cb49f5cbf79b5b .av-subheading{\nfont-size:15px;\n}\n\n@media only screen and (min-width: 480px) and (max-width: 767px){ \n#top #wrap_all .av-special-heading.av-21rl1m-866a4c0a2509146633cb49f5cbf79b5b .av-special-heading-tag{\nfont-size:0.8em;\n}\n}\n\n@media only screen and (max-width: 479px){ \n#top #wrap_all .av-special-heading.av-21rl1m-866a4c0a2509146633cb49f5cbf79b5b .av-special-heading-tag{\nfont-size:0.8em;\n}\n}\n<\/style>\n<div  class='av-special-heading av-21rl1m-866a4c0a2509146633cb49f5cbf79b5b av-special-heading-h3 blockquote modern-quote  avia-builder-el-2  el_before_av_textblock  avia-builder-el-first  av-inherit-size'><div class='av-subheading av-subheading_above'><p>TRANSPLANT DE P\u0102R LA DEBRECEN<\/p>\n<\/div><h3 class='av-special-heading-tag'  itemprop=\"headline\"  >Rezerv\u0103 o programare<\/h3><div class=\"special-heading-border\"><div class=\"special-heading-inner-border\"><\/div><\/div><\/div><br \/>\n<section  class='av_textblock_section av-ls2z4udp-c7a76ce5bc17b404c57ce31488cf088e'   itemscope=\"itemscope\" itemtype=\"https:\/\/schema.org\/CreativeWork\" ><div class='avia_textblock'  itemprop=\"text\" >\n<div class=\"wpcf7 no-js\" id=\"wpcf7-f1786-o1\" lang=\"hu-HU\" dir=\"ltr\" data-wpcf7-id=\"1786\">\n<div class=\"screen-reader-response\"><p role=\"status\" aria-live=\"polite\" aria-atomic=\"true\"><\/p> <ul><\/ul><\/div>\n<form action=\"\/ro\/wp-json\/wp\/v2\/pages\/954#wpcf7-f1786-o1\" method=\"post\" class=\"wpcf7-form init\" aria-label=\"Kapcsolatfelv\u00e9teli \u0171rlap\" novalidate=\"novalidate\" data-status=\"init\" data-trp-original-action=\"\/ro\/wp-json\/wp\/v2\/pages\/954#wpcf7-f1786-o1\">\n<fieldset class=\"hidden-fields-container\"><input type=\"hidden\" name=\"_wpcf7\" value=\"1786\" \/><input type=\"hidden\" name=\"_wpcf7_version\" value=\"6.1.5\" \/><input type=\"hidden\" name=\"_wpcf7_locale\" value=\"hu_HU\" \/><input type=\"hidden\" name=\"_wpcf7_unit_tag\" value=\"wpcf7-f1786-o1\" \/><input type=\"hidden\" name=\"_wpcf7_container_post\" value=\"0\" \/><input type=\"hidden\" name=\"_wpcf7_posted_data_hash\" value=\"\" \/><input type=\"hidden\" name=\"_wpcf7_recaptcha_response\" value=\"\" \/>\n<\/fieldset>\n<div class=\"form-container\">\n\t<p><label> Nume*<br \/>\n<span class=\"wpcf7-form-control-wrap\" data-name=\"your-name\"><input size=\"40\" maxlength=\"400\" class=\"wpcf7-form-control wpcf7-text wpcf7-validates-as-required\" aria-required=\"true\" aria-invalid=\"false\" value=\"\" type=\"text\" name=\"your-name\" \/><\/span> <\/label>\n\t<\/p>\n\t<p><label> Num\u0103r de telefon*<br \/>\n<span class=\"wpcf7-form-control-wrap\" data-name=\"tel-362\"><input size=\"40\" maxlength=\"400\" class=\"wpcf7-form-control wpcf7-tel wpcf7-validates-as-required wpcf7-text wpcf7-validates-as-tel\" aria-required=\"true\" aria-invalid=\"false\" value=\"\" type=\"tel\" name=\"tel-362\" \/><\/span><\/label>\n\t<\/p>\n\t<p><label> Adresa de e-mail*<br \/>\n<span class=\"wpcf7-form-control-wrap\" data-name=\"your-email\"><input size=\"40\" maxlength=\"400\" class=\"wpcf7-form-control wpcf7-email wpcf7-validates-as-required wpcf7-text wpcf7-validates-as-email\" aria-required=\"true\" aria-invalid=\"false\" value=\"\" type=\"email\" name=\"your-email\" \/><\/span> <\/label>\n\t<\/p>\n\t<p><label> \u00cenc\u0103rcarea imaginii<br \/>\n<span class=\"wpcf7-form-control-wrap\" data-name=\"upload-file-789\"><input size=\"40\" class=\"wpcf7-form-control wpcf7-drag-n-drop-file d-none\" aria-invalid=\"false\" type=\"file\" multiple=\"multiple\" data-name=\"upload-file-789\" data-limit=\"10485760\" data-min=\"1\" data-max=\"5\" data-id=\"1786\" data-version=\"free version 1.3.9.5\" accept=\".\" \/><\/span><\/label>\n\t<\/p>\n\t<p><label> Mesaj*<br \/>\n<span class=\"wpcf7-form-control-wrap\" data-name=\"your-message\"><textarea cols=\"40\" rows=\"10\" maxlength=\"2000\" class=\"wpcf7-form-control wpcf7-textarea wpcf7-validates-as-required\" aria-required=\"true\" aria-invalid=\"false\" name=\"your-message\"><\/textarea><\/span> <\/label>\n\t<\/p>\n\t<p><label><span class=\"wpcf7-form-control-wrap\" data-name=\"acceptance-208\"><span class=\"wpcf7-form-control wpcf7-acceptance\"><span class=\"wpcf7-list-item\"><label><input type=\"checkbox\" name=\"acceptance-208\" value=\"1\" aria-invalid=\"false\" \/><span class=\"wpcf7-list-item-label\">Sunt de acord cu prelucrarea datelor mele.<\/span><\/label><\/span><\/span><\/span><\/label><br \/>\n\t<span class=\"wpcf7-form-control-wrap recaptcha\" data-name=\"recaptcha\"><span data-sitekey=\"6Lf9cUIpAAAAALo5NQ4HNoOHp01Ocfto8-G1_pEE\" class=\"wpcf7-form-control wpcf7-recaptcha g-recaptcha\"><\/span>\r\n<noscript>\r\n\t<div class=\"grecaptcha-noscript\">\r\n\t\t<iframe loading=\"lazy\" src=\"https:\/\/www.google.com\/recaptcha\/api\/fallback?k=6Lf9cUIpAAAAALo5NQ4HNoOHp01Ocfto8-G1_pEE\" frameborder=\"0\" scrolling=\"no\" width=\"310\" height=\"430\">\r\n\t\t<\/iframe>\r\n\t\t<textarea name=\"g-recaptcha-response\" rows=\"3\" cols=\"40\" placeholder=\"reCaptcha Response Here\">\r\n\t\t<\/textarea>\r\n\t<\/div>\r\n<\/noscript>\r\n<\/span><br \/>\n<input class=\"wpcf7-form-control wpcf7-submit has-spinner\" type=\"submit\" value=\"Trimite\" \/>\n\t<\/p>\n<\/div><div class=\"wpcf7-response-output\" aria-hidden=\"true\"><\/div>\n<input type=\"hidden\" name=\"trp-form-language\" value=\"ro\"\/><\/form>\n<\/div>\n\n<\/div><\/section><\/p><\/div>\n<style type=\"text\/css\" data-created_by=\"avia_inline_auto\" id=\"style-css-av-2rmdu-0584dfdaad403f537d3239d64291491d\">\n.flex_column.av-2rmdu-0584dfdaad403f537d3239d64291491d{\nborder-radius:0px 0px 0px 0px;\npadding:0px 0px 0px 0px;\n}\n<\/style>\n<div  class='flex_column av-2rmdu-0584dfdaad403f537d3239d64291491d av_one_half  avia-builder-el-4  el_after_av_one_half  avia-builder-el-last  flex_column_div av-zero-column-padding'     ><p>\n<style type=\"text\/css\" data-created_by=\"avia_inline_auto\" id=\"style-css-av-1x3ma-b3afab9b596c8481f647df81fffcd553\">\n#top .av-special-heading.av-1x3ma-b3afab9b596c8481f647df81fffcd553{\npadding-bottom:20px;\nfont-size:34px;\n}\nbody .av-special-heading.av-1x3ma-b3afab9b596c8481f647df81fffcd553 .av-special-heading-tag .heading-char{\nfont-size:25px;\n}\n#top #wrap_all .av-special-heading.av-1x3ma-b3afab9b596c8481f647df81fffcd553 .av-special-heading-tag{\nfont-size:34px;\n}\n.av-special-heading.av-1x3ma-b3afab9b596c8481f647df81fffcd553 .av-subheading{\nfont-size:15px;\n}\n\n@media only screen and (min-width: 480px) and (max-width: 767px){ \n#top #wrap_all .av-special-heading.av-1x3ma-b3afab9b596c8481f647df81fffcd553 .av-special-heading-tag{\nfont-size:0.8em;\n}\n}\n\n@media only screen and (max-width: 479px){ \n#top #wrap_all .av-special-heading.av-1x3ma-b3afab9b596c8481f647df81fffcd553 .av-special-heading-tag{\nfont-size:0.8em;\n}\n}\n<\/style>\n<div  class='av-special-heading av-1x3ma-b3afab9b596c8481f647df81fffcd553 av-special-heading-h3 blockquote modern-quote  avia-builder-el-5  el_before_av_iconlist  avia-builder-el-first  av-inherit-size'><div class='av-subheading av-subheading_above'><p>AVE\u021aI \u00ceNTREB\u0102RI?<\/p>\n<\/div><h3 class='av-special-heading-tag'  itemprop=\"headline\"  >G\u0103si\u021bi-ne la datele noastre de contact<\/h3><div class=\"special-heading-border\"><div class=\"special-heading-inner-border\"><\/div><\/div><\/div><br \/>\n\n<style type=\"text\/css\" data-created_by=\"avia_inline_auto\" id=\"style-css-av-lrxv2951-158497d3577c7c6e578a92518c7eebd6\">\n#top .avia-icon-list-container.av-lrxv2951-158497d3577c7c6e578a92518c7eebd6 .iconlist_icon{\ncolor:#ffffff;\nbackground-color:#00b7bd;\n}\n.avia-icon-list-container.av-lrxv2951-158497d3577c7c6e578a92518c7eebd6 .iconlist_content{\nfont-size:20px;\n}\n<\/style>\n<div  class='avia-icon-list-container av-lrxv2951-158497d3577c7c6e578a92518c7eebd6  avia-builder-el-6  el_after_av_heading  el_before_av_textblock'><ul class='avia-icon-list avia_animate_when_almost_visible avia-icon-list-left av-iconlist-big av-lrxv2951-158497d3577c7c6e578a92518c7eebd6'>\n<li><div class='iconlist_icon av-lrxv1a31-76adbfb4ff173e7668f15f9522d3f114 avia-font-entypo-fontello'><span class='iconlist-char' aria-hidden='true' data-av_icon='\ue854' data-av_iconfont='entypo-fontello'><\/span><\/div><article class=\"article-icon-entry\"  itemscope=\"itemscope\" itemtype=\"https:\/\/schema.org\/CreativeWork\" ><div class=\"iconlist_content_wrap\"><header class=\"entry-content-header\"><\/header><div class='iconlist_content'  itemprop=\"text\" ><p><a href=\"tel:+36300737349\">+36 30 073 7349<\/a><\/p>\n<\/div><\/div><footer class=\"entry-footer\"><\/footer><\/article><div class=\"iconlist-timeline\"><\/div><\/li>\n<li><div class='iconlist_icon av-lrxv1a31-1-bf88873bcf861dc169c1c9e6f5738d70 avia-font-entypo-fontello'><span class='iconlist-char' aria-hidden='true' data-av_icon='\ue805' data-av_iconfont='entypo-fontello'><\/span><\/div><article class=\"article-icon-entry\"  itemscope=\"itemscope\" itemtype=\"https:\/\/schema.org\/CreativeWork\" ><div class=\"iconlist_content_wrap\"><header class=\"entry-content-header\"><\/header><div class='iconlist_content'  itemprop=\"text\" ><p><a href=\"https:\/\/hajbeultetesdebrecen.hu\/ro\/kapcsolat\/%22mailto:debrecen@turbohair.hu\/\">debrecen@turbohair.hu<\/a><\/p>\n<\/div><\/div><footer class=\"entry-footer\"><\/footer><\/article><div class=\"iconlist-timeline\"><\/div><\/li>\n<li><div class='iconlist_icon av-lu0yvg4i-c06b0f16d689e0633b400ee331350a02 avia-font-entypo-fontello'><span class='iconlist-char' aria-hidden='true' data-av_icon='\ue842' data-av_iconfont='entypo-fontello'><\/span><\/div><article class=\"article-icon-entry\"  itemscope=\"itemscope\" itemtype=\"https:\/\/schema.org\/CreativeWork\" ><div class=\"iconlist_content_wrap\"><header class=\"entry-content-header\"><\/header><div class='iconlist_content'  itemprop=\"text\" ><p><a href=\"https:\/\/maps.app.goo.gl\/1sbNs8rcbuWdnhUh7\" target=\"_blank\" rel=\"noopener\">4026 Debrecen, Hunyadi J\u00e1nos utca 22. (P\u00e1rizsi Udvar, intrare l\u00e2ng\u0103 Medicover)<\/a><\/p>\n<\/div><\/div><footer class=\"entry-footer\"><\/footer><\/article><div class=\"iconlist-timeline\"><\/div><\/li>\n<\/ul><\/div><br \/>\n<section  class='av_textblock_section av-a23gi-0f1b9666279f5262f84c9d2b1f794e04'   itemscope=\"itemscope\" itemtype=\"https:\/\/schema.org\/CreativeWork\" ><div class='avia_textblock'  itemprop=\"text\" ><p style=\"text-align: justify;\"><strong>La clinica noastr\u0103 de p\u0103r din Debre\u021bin<\/strong> Oferim o solu\u021bie permanent\u0103, definitiv\u0103 pentru Clien\u021bii no\u0219tri, \u00eentr-un mediu de \u00eencredere, exclusivist, care cu siguran\u021b\u0103 va satisface.<\/p>\n<p style=\"text-align: justify;\">Cele <strong>Clinica noastr\u0103 de p\u0103r din Debrecen face parte din TurboHair Medical din Budapesta.<\/strong>, a c\u0103rei echip\u0103 medical\u0103 este format\u0103 din speciali\u0219ti specializa\u021bi \u00een medicina p\u0103rului \u0219i transplant de p\u0103r. Personalul clinicii noastre particip\u0103 continuu la cursuri de formare interne \u0219i interna\u021bionale, astfel \u00eenc\u00e2t s\u0103 putem oferi clien\u021bilor no\u0219tri cele mai bune rezultate posibile de transplant de p\u0103r.<\/p>\n<p style=\"text-align: justify;\">Succesele din ultimii ani ne demonstreaz\u0103 c\u0103 rutina noastr\u0103 profesional\u0103 este remarcabil\u0103 \u0219i de clas\u0103 mondial\u0103 \u00een regiune. V\u0103 a\u0219tept\u0103m cu drag la Budapesta \u0219i <strong>la clinica noastr\u0103 de p\u0103r din Debrecen<\/strong> ambele.<\/p>\n<\/div><\/section><\/p><\/div><\/div><\/div><\/main><!-- close content main element --><\/div><\/div>\n<style type=\"text\/css\" data-created_by=\"avia_inline_auto\" id=\"style-css-av-lub29l2t-5b7e287366131ff4fbd51397c55f1ea7\">\n.avia-section.av-lub29l2t-5b7e287366131ff4fbd51397c55f1ea7{\nbackground-color:#f8f8f8;\nbackground-image:unset;\n}\n<\/style>\n<div id='av_section_2'  class='avia-section av-lub29l2t-5b7e287366131ff4fbd51397c55f1ea7 main_color avia-section-default avia-no-border-styling  avia-builder-el-8  el_after_av_section  avia-builder-el-last  avia-bg-style-scroll container_wrap sidebar_right'  ><div class='container av-section-cont-open' ><div class='template-page content  av-content-small alpha units'><div class='post-entry post-entry-type-page post-entry-954'><div class='entry-content-wrapper clearfix'>\n\n<style type=\"text\/css\" data-created_by=\"avia_inline_auto\" id=\"style-css-av-lub256t7-a641c6bb7277a616d6845e8617a7fb43\">\n.flex_column.av-lub256t7-a641c6bb7277a616d6845e8617a7fb43{\npadding:25px 0 0 0;\n}\n<\/style>\n<div  class='flex_column av-lub256t7-a641c6bb7277a616d6845e8617a7fb43 av_one_half  avia-builder-el-9  el_before_av_one_half  avia-builder-el-first  first flex_column_div'     ><style type=\"text\/css\" data-created_by=\"avia_inline_auto\" id=\"style-css-av-lub1quis-35d9a843b24aac6b99b610f75bafa407\">\n.avia-image-container.av-lub1quis-35d9a843b24aac6b99b610f75bafa407 img.avia_image{\nbox-shadow:none;\n}\n.avia-image-container.av-lub1quis-35d9a843b24aac6b99b610f75bafa407 .av-image-caption-overlay-center{\ncolor:#ffffff;\n}\n<\/style>\n<div  class='avia-image-container av-lub1quis-35d9a843b24aac6b99b610f75bafa407 av-styling- avia-align-center  avia-builder-el-10  avia-builder-el-no-sibling'   itemprop=\"image\" itemscope=\"itemscope\" itemtype=\"https:\/\/schema.org\/ImageObject\" ><div class=\"avia-image-container-inner\"><div class=\"avia-image-overlay-wrap\"><img decoding=\"async\" class='wp-image-1934 avia-img-lazy-loading-not-1934 avia_image' src=\"https:\/\/hajbeultetesdebrecen.hu\/wp-content\/uploads\/hajbeultetes-debrecen-kapcsolat-3.webp\" alt='hajbe\u00fcltet\u00e9s Debrecen el\u00e9rhet\u0151s\u00e9g' title='hajbeultetes-debrecen-kapcsolat-3'  height=\"600\" width=\"800\"  itemprop=\"thumbnailUrl\" srcset=\"https:\/\/hajbeultetesdebrecen.hu\/wp-content\/uploads\/hajbeultetes-debrecen-kapcsolat-3.webp 800w, https:\/\/hajbeultetesdebrecen.hu\/wp-content\/uploads\/hajbeultetes-debrecen-kapcsolat-3-300x225.webp 300w, https:\/\/hajbeultetesdebrecen.hu\/wp-content\/uploads\/hajbeultetes-debrecen-kapcsolat-3-768x576.webp 768w, https:\/\/hajbeultetesdebrecen.hu\/wp-content\/uploads\/hajbeultetes-debrecen-kapcsolat-3-705x529.webp 705w\" sizes=\"(max-width: 800px) 100vw, 800px\" \/><\/div><\/div><\/div><\/div><div  class='flex_column av-lub217qs-4f6dce84c602b35dd35ff36403e43d43 av_one_half  avia-builder-el-11  el_after_av_one_half  avia-builder-el-last  flex_column_div'     ><section  class='av_textblock_section av-lub1rhc8-89e7be633d75b5ebd0756e4473399967'   itemscope=\"itemscope\" itemtype=\"https:\/\/schema.org\/CreativeWork\" ><div class='avia_textblock'  itemprop=\"text\" ><p><iframe loading=\"lazy\" style=\"border: 0;\" src=\"https:\/\/www.google.com\/maps\/embed?pb=!1m18!1m12!1m3!1d2693.701040709698!2d21.626406100000004!3d47.534683099999995!2m3!1f0!2f0!3f0!3m2!1i1024!2i768!4f13.1!3m3!1m2!1s0x47470e0aa3b5dc4f%3A0x553bf2f19f3c42c3!2sDebrecen%2C%20Hunyadi%20J%C3%A1nos%20u.%2022%2C%204026!5e0!3m2!1shu!2shu!4v1711619109933!5m2!1shu!2shu\" width=\"600\" height=\"450\" allowfullscreen=\"allowfullscreen\"><\/iframe><\/p>\n<\/div><\/section><\/div>\n<\/div><\/div><\/div><!-- close content main div --><\/div><\/div><div id='after_section_2'  class='main_color av_default_container_wrap container_wrap sidebar_right'  ><div class='container av-section-cont-open' ><div class='template-page content  av-content-small alpha units'><div class='post-entry post-entry-type-page post-entry-954'><div class='entry-content-wrapper clearfix'><\/p>","protected":false},"excerpt":{"rendered":"","protected":false},"author":1,"featured_media":0,"parent":0,"menu_order":0,"comment_status":"closed","ping_status":"closed","template":"","meta":{"_monsterinsights_skip_tracking":false,"_monsterinsights_sitenote_active":false,"_monsterinsights_sitenote_note":"","_monsterinsights_sitenote_category":0,"footnotes":""},"class_list":["post-954","page","type-page","status-publish","hentry"],"yoast_head":"<!-- This site is optimized with the Yoast SEO plugin v27.0 - https:\/\/yoast.com\/product\/yoast-seo-wordpress\/ -->\n<title>Hajbe\u00fcltet\u00e9s Debrecen kapcsolat<\/title>\n<meta name=\"description\" content=\"Debreceni hajbe\u00fcltet\u00e9s keressen fel minket el\u00e9rhet\u0151s\u00e9geinken. Weboldalunkon a kapcsolat men\u00fcpontban megtal\u00e1lhat\u00f3 telefonsz\u00e1munk, email c\u00edm\u00fcnk\" \/>\n<meta name=\"robots\" content=\"index, follow, max-snippet:-1, max-image-preview:large, max-video-preview:-1\" \/>\n<link rel=\"canonical\" href=\"https:\/\/hajbeultetesdebrecen.hu\/ro\/elerhetosegeink\/\" \/>\n<meta property=\"og:locale\" content=\"ro_RO\" \/>\n<meta property=\"og:type\" content=\"article\" \/>\n<meta property=\"og:title\" content=\"Hajbe\u00fcltet\u00e9s Debrecen kapcsolat\" \/>\n<meta property=\"og:description\" content=\"Debreceni hajbe\u00fcltet\u00e9s keressen fel minket el\u00e9rhet\u0151s\u00e9geinken. Weboldalunkon a kapcsolat men\u00fcpontban megtal\u00e1lhat\u00f3 telefonsz\u00e1munk, email c\u00edm\u00fcnk\" \/>\n<meta property=\"og:url\" content=\"https:\/\/hajbeultetesdebrecen.hu\/ro\/elerhetosegeink\/\" \/>\n<meta property=\"og:site_name\" content=\"Hajbe\u00fcltet\u00e9s Debrecen\" \/>\n<meta property=\"article:modified_time\" content=\"2024-04-01T17:43:24+00:00\" \/>\n<meta name=\"twitter:card\" content=\"summary_large_image\" \/>\n<meta name=\"twitter:label1\" content=\"Timp estimat pentru citire\" \/>\n\t<meta name=\"twitter:data1\" content=\"1 minut\" \/>\n<script type=\"application\/ld+json\" class=\"yoast-schema-graph\">{\"@context\":\"https:\/\/schema.org\",\"@graph\":[{\"@type\":\"WebPage\",\"@id\":\"https:\/\/hajbeultetesdebrecen.hu\/elerhetosegeink\/\",\"url\":\"https:\/\/hajbeultetesdebrecen.hu\/elerhetosegeink\/\",\"name\":\"Hajbe\u00fcltet\u00e9s Debrecen kapcsolat\",\"isPartOf\":{\"@id\":\"https:\/\/hajbeultetesdebrecen.hu\/#website\"},\"datePublished\":\"2016-07-15T14:19:56+00:00\",\"dateModified\":\"2024-04-01T17:43:24+00:00\",\"description\":\"Debreceni hajbe\u00fcltet\u00e9s keressen fel minket el\u00e9rhet\u0151s\u00e9geinken. Weboldalunkon a kapcsolat men\u00fcpontban megtal\u00e1lhat\u00f3 telefonsz\u00e1munk, email c\u00edm\u00fcnk\",\"breadcrumb\":{\"@id\":\"https:\/\/hajbeultetesdebrecen.hu\/elerhetosegeink\/#breadcrumb\"},\"inLanguage\":\"ro-RO\",\"potentialAction\":[{\"@type\":\"ReadAction\",\"target\":[\"https:\/\/hajbeultetesdebrecen.hu\/elerhetosegeink\/\"]}]},{\"@type\":\"BreadcrumbList\",\"@id\":\"https:\/\/hajbeultetesdebrecen.hu\/elerhetosegeink\/#breadcrumb\",\"itemListElement\":[{\"@type\":\"ListItem\",\"position\":1,\"name\":\"Kezd\u0151lap\",\"item\":\"https:\/\/hajbeultetesdebrecen.hu\/\"},{\"@type\":\"ListItem\",\"position\":2,\"name\":\"EL\u00c9RHET\u0150S\u00c9GEINK\"}]},{\"@type\":\"WebSite\",\"@id\":\"https:\/\/hajbeultetesdebrecen.hu\/#website\",\"url\":\"https:\/\/hajbeultetesdebrecen.hu\/\",\"name\":\"Hajbe\u00fcltet\u00e9s Debrecen\",\"description\":\"Professzion\u00e1lis hajbe\u00fcltet\u00e9s Debrecen \u00e9s k\u00f6rny\u00e9ke\",\"potentialAction\":[{\"@type\":\"SearchAction\",\"target\":{\"@type\":\"EntryPoint\",\"urlTemplate\":\"https:\/\/hajbeultetesdebrecen.hu\/?s={search_term_string}\"},\"query-input\":{\"@type\":\"PropertyValueSpecification\",\"valueRequired\":true,\"valueName\":\"search_term_string\"}}],\"inLanguage\":\"ro-RO\"}]}<\/script>\n<!-- \/ Yoast SEO plugin. -->","yoast_head_json":{"title":"Hajbe\u00fcltet\u00e9s Debrecen kapcsolat","description":"Debreceni hajbe\u00fcltet\u00e9s keressen fel minket el\u00e9rhet\u0151s\u00e9geinken. Weboldalunkon a kapcsolat men\u00fcpontban megtal\u00e1lhat\u00f3 telefonsz\u00e1munk, email c\u00edm\u00fcnk","robots":{"index":"index","follow":"follow","max-snippet":"max-snippet:-1","max-image-preview":"max-image-preview:large","max-video-preview":"max-video-preview:-1"},"canonical":"https:\/\/hajbeultetesdebrecen.hu\/ro\/elerhetosegeink\/","og_locale":"ro_RO","og_type":"article","og_title":"Hajbe\u00fcltet\u00e9s Debrecen kapcsolat","og_description":"Debreceni hajbe\u00fcltet\u00e9s keressen fel minket el\u00e9rhet\u0151s\u00e9geinken. Weboldalunkon a kapcsolat men\u00fcpontban megtal\u00e1lhat\u00f3 telefonsz\u00e1munk, email c\u00edm\u00fcnk","og_url":"https:\/\/hajbeultetesdebrecen.hu\/ro\/elerhetosegeink\/","og_site_name":"Hajbe\u00fcltet\u00e9s Debrecen","article_modified_time":"2024-04-01T17:43:24+00:00","twitter_card":"summary_large_image","twitter_misc":{"Timp estimat pentru citire":"1 minut"},"schema":{"@context":"https:\/\/schema.org","@graph":[{"@type":"WebPage","@id":"https:\/\/hajbeultetesdebrecen.hu\/elerhetosegeink\/","url":"https:\/\/hajbeultetesdebrecen.hu\/elerhetosegeink\/","name":"Hajbe\u00fcltet\u00e9s Debrecen kapcsolat","isPartOf":{"@id":"https:\/\/hajbeultetesdebrecen.hu\/#website"},"datePublished":"2016-07-15T14:19:56+00:00","dateModified":"2024-04-01T17:43:24+00:00","description":"Debreceni hajbe\u00fcltet\u00e9s keressen fel minket el\u00e9rhet\u0151s\u00e9geinken. Weboldalunkon a kapcsolat men\u00fcpontban megtal\u00e1lhat\u00f3 telefonsz\u00e1munk, email c\u00edm\u00fcnk","breadcrumb":{"@id":"https:\/\/hajbeultetesdebrecen.hu\/elerhetosegeink\/#breadcrumb"},"inLanguage":"ro-RO","potentialAction":[{"@type":"ReadAction","target":["https:\/\/hajbeultetesdebrecen.hu\/elerhetosegeink\/"]}]},{"@type":"BreadcrumbList","@id":"https:\/\/hajbeultetesdebrecen.hu\/elerhetosegeink\/#breadcrumb","itemListElement":[{"@type":"ListItem","position":1,"name":"Kezd\u0151lap","item":"https:\/\/hajbeultetesdebrecen.hu\/"},{"@type":"ListItem","position":2,"name":"EL\u00c9RHET\u0150S\u00c9GEINK"}]},{"@type":"WebSite","@id":"https:\/\/hajbeultetesdebrecen.hu\/#website","url":"https:\/\/hajbeultetesdebrecen.hu\/","name":"Transplant de p\u0103r \u00een Debre\u021bin","description":"Professzion\u00e1lis hajbe\u00fcltet\u00e9s Debrecen \u00e9s k\u00f6rny\u00e9ke","potentialAction":[{"@type":"SearchAction","target":{"@type":"EntryPoint","urlTemplate":"https:\/\/hajbeultetesdebrecen.hu\/?s={search_term_string}"},"query-input":{"@type":"PropertyValueSpecification","valueRequired":true,"valueName":"search_term_string"}}],"inLanguage":"ro-RO"}]}},"_links":{"self":[{"href":"https:\/\/hajbeultetesdebrecen.hu\/ro\/wp-json\/wp\/v2\/pages\/954","targetHints":{"allow":["GET"]}}],"collection":[{"href":"https:\/\/hajbeultetesdebrecen.hu\/ro\/wp-json\/wp\/v2\/pages"}],"about":[{"href":"https:\/\/hajbeultetesdebrecen.hu\/ro\/wp-json\/wp\/v2\/types\/page"}],"author":[{"embeddable":true,"href":"https:\/\/hajbeultetesdebrecen.hu\/ro\/wp-json\/wp\/v2\/users\/1"}],"replies":[{"embeddable":true,"href":"https:\/\/hajbeultetesdebrecen.hu\/ro\/wp-json\/wp\/v2\/comments?post=954"}],"version-history":[{"count":34,"href":"https:\/\/hajbeultetesdebrecen.hu\/ro\/wp-json\/wp\/v2\/pages\/954\/revisions"}],"predecessor-version":[{"id":2384,"href":"https:\/\/hajbeultetesdebrecen.hu\/ro\/wp-json\/wp\/v2\/pages\/954\/revisions\/2384"}],"wp:attachment":[{"href":"https:\/\/hajbeultetesdebrecen.hu\/ro\/wp-json\/wp\/v2\/media?parent=954"}],"curies":[{"name":"wp","href":"https:\/\/api.w.org\/{rel}","templated":true}]}}